{"id":1169,"date":"2015-06-19T15:59:27","date_gmt":"2015-06-19T13:59:27","guid":{"rendered":"https:\/\/www.adoptibet.org\/wp\/?page_id=1169"},"modified":"2015-06-19T16:00:36","modified_gmt":"2015-06-19T14:00:36","slug":"la-politica-della-privacy-di-a-s-i-a","status":"publish","type":"page","link":"https:\/\/www.adoptibet.org\/wp\/la-politica-della-privacy-di-a-s-i-a\/","title":{"rendered":"LA POLITICA DELLA PRIVACY DI A.S.I.A."},"content":{"rendered":"<p style=\"text-align: justify;\">Informativa ai sensi della Legge sulla protezione dei dati personali (D. Lgs. 196\/ 2003 )<\/p>\n<p style=\"text-align: justify;\">Ai fini e nel rispetto del D. Lgs. n. 196 Del 30\/06\/2003 Testo unico sulla Privacy \u2013 l \u2018 Associazione A.S.I.A. \u2013 Onlus, La informa, ex art. 13, stessa legge, sulla utilizzazione dei Suoi dati personali e sulla tutela dei Suoi diritti.<br \/>\nA.S.I.A., in virt\u00f9 del Suo consenso (laddove viene da noi richiesto e laddove viene da Lei rilasciato), \u00e8 autorizzato al trattamento di Suoi dati personali.<\/p>\n<p style=\"text-align: justify;\">I suoi dati sono utilizzati con le sole modalit\u00e0 necessarie per fornire informazioni o servizi legati alla attivit\u00e0 associativa di A.S.I.A., ivi compreso l\u2019invio di materiale informativo e promozionale, tramite scambio di corrispondenza, e-mail, sms, mms, e gestire rapporti con Lei intercorrenti (ad esempio, richiesta di erogazioni liberali, acquisto di materiale promozionale, richiesta di partecipazione a campagne istituzionali, e cos\u00ec via).<\/p>\n<p style=\"text-align: justify;\">Per alcuni servizi, A.S.I.A. utilizza societ\u00e0 esterne che operano per suo conto e che svolgono servizi di inserimento dati, allestimento, stampa, call center, intermediazione bancaria e finanziaria, trasporto e smistamento delle comunicazioni al pubblico, archiviazione della documentazione; e simili. Il loro elenco \u00e8 costantemente aggiornato ed \u00e8 conoscibile agevolmente e gratuitamente facendone richiesta presso l \u2018 Amministrazione.<\/p>\n<p style=\"text-align: justify;\">Lei ha diritto di conoscere, in ogni momento quali sono i suoi dati e come essi vengano utilizzati. Ha anche il diritto di farli aggiornare, integrare, rettificare o cancellare, chiederne il blocco ed opporsi al loro trattamento o a parti di esso (secondo quanto previsto dall\u2019articolo 7 e ss. del D. Lgs. n. 196\/2003).<br \/>\nPu\u00f2 rivolgersi, per tutto ci\u00f2, ai nostri responsabili del trattamento dati scrivendo al Servizio Soci \u2013 Responsabile al Trattamento dei Dati \u2013 Via San Martino della Battaglia 31 \u2013 00185 ROMA \u2013 Tel. 0644340034 \u2013 Fax 0644702620 \u2013 <a href=\"mailto:info@asia-onlus.org\">info@asia-onlus.org<\/a><\/p>\n<h2 style=\"text-align: justify;\">LA POLITICA DI A.S.I.A. PER LA PRIVACY<\/h2>\n<p style=\"text-align: justify;\">A.S.I.A. si impegna a garantire la massima riservatezza dei dati personali dei suoi soci e sostenitori trattati nello svolgimento delle attivit\u00e0 previste dal suo Statuto.<br \/>\nIn particolare, A.S.I.A. adotta e aggiorna costantemente le proprie procedure interne volte a garantire che l\u2019utilizzazione di dati personali finalizzata allo svolgimento di attivit\u00e0 di comunicazione diretta si svolga nel rispetto dei diritti, delle libert\u00e0 fondamentali e della dignit\u00e0 delle persone interessate, in particolare del diritto alla riservatezza e del diritto all\u2019identit\u00e0 personale.<br \/>\nA.S.I.A. si impegna ad adottare il principio di precauzione al fine di prevenire ogni forma, anche per mera negligenza o imperizia, di illecito utilizzo di trattamento di dati personali.<br \/>\nNel trattamento dei dati personali utilizzati per comunicazione diretta, A.S.I.A. si impegna a seguire le seguenti regole di condotta:<br \/>\na) Evitare la duplicazione non necessaria dei dati.<br \/>\nb) Agire tempestivamente per la correzione e l\u2019aggiornamento dei dati personali.<br \/>\nc) Adottare tutte le cautele per limitare il numero dei destinatari in modo che il messaggio sia inviato ai soggetti effettivamente interessati a riceverlo e non ad un numero indiscriminato di persone.<br \/>\nd) Non utilizzare, per l\u2019invio di messaggi, liste non aggiornate da oltre un anno, salvo che questo sia necessario per la natura della comunicazione.<br \/>\ne) Favorire la correzione delle liste di indirizzi utilizzate annotando le restituzioni degli invii postali per indirizzo errato o per dichiarazione di non recapitabilit\u00e0 effettuata dal vettore.<br \/>\nf) Informare gli interessati dell\u2019esistenza di servizi di cancellazione centralizzata, di Robinson list e di mail preference service.<br \/>\ng) Astenersi dall\u2019utilizzo di liste la cui provenienza non sia garantita e certa.<br \/>\nh) Astenersi dal comunicare qualsiasi informazione che possa rivestire contenuto confidenziale, anche in presenza di consenso da parte dell\u2019interessato, salvo che questo sia strettamente necessario per eseguire un obbligazione o fornire un servizio aggiuntivo all\u2019iscritto o al donatore.<\/p>\n<p style=\"text-align: justify;\">In particolare i titolari del trattamento si impegnano ad adottare dettagliate norme interne, definite attraverso un documento programmatico per la protezione dei dati personali, in esecuzione dei principi indicati dalla legge e da questo codice. Sar\u00e0 cura del Titolare del trattamento assicurare il rispetto delle regole di procedura e sanzionare al suo interno eventuali violazioni realizzate dai suoi dipendenti e collaboratori.<br \/>\nIn relazione alle misure minime di sicurezza previste dalla vigente normativa, A.S.I.A. si impegna a rispettare i seguenti criteri di protezione dei dati:<\/p>\n<p style=\"text-align: justify;\">a) il titolare del trattamento si impegna ad effettuare tutti gli investimenti necessari per garantire che la struttura organizzativa adottata protegga la riservatezza dei dati trattati;<br \/>\nb) le persone preposte a qualsiasi titolo al trattamento dei dati dovranno assicurarsi che i terzi che tratteranno i dati in loro nome o per loro conto adottino adeguate cure per la protezione dei dati sotto il profilo fisico, logico ed organizzativo<br \/>\nc) il controllo costante sull\u2019accesso al data base, definendo, con appositi documenti interni, le categorie di soggetti autorizzati all\u2019utilizzo dei dati stessi.<\/p>\n<p style=\"text-align: justify;\">Infine, nel rispetto della vigente normativa, nei casi in cui in base alla legge il trattamento non presuppone il consenso dell\u2019interessato, A.S.I.A. si impegna a utilizzare preventivamente ogni forma di semplificazione che permetta ai soci, ai sostenitori e ai simpatizzanti di manifestare e rendere meglio conoscibile l\u2019eventuale dichiarazione di non voler ricevere determinate comunicazioni.<br \/>\nA queste linee di condotta si ispira l\u2019informativa sul trattamento dei dati utilizzata da A.S.I.A.. In tale documento sono descritti analiticamente i diritti degli interessati e le modalit\u00e0 per esercitarli. Si rimanda quindi alla lettura di tale documento per ogni ulteriore approfondimento.<\/p>\n","protected":false},"excerpt":{"rendered":"<p>Informativa ai sensi della Legge sulla protezione dei dati personali (D. Lgs. 196\/ 2003 ) Ai fini e nel rispetto del D. Lgs. n. 196 Del 30\/06\/2003 Testo unico sulla Privacy \u2013 l \u2018 Associazione A.S.I.A. \u2013 Onlus, La informa, ex art. 13, stessa legge,&#8230;<\/p>\n","protected":false},"author":2,"featured_media":0,"parent":0,"menu_order":0,"comment_status":"open","ping_status":"open","template":"","meta":[],"aioseo_notices":[],"_links":{"self":[{"href":"https:\/\/www.adoptibet.org\/wp\/wp-json\/wp\/v2\/pages\/1169"}],"collection":[{"href":"https:\/\/www.adoptibet.org\/wp\/wp-json\/wp\/v2\/pages"}],"about":[{"href":"https:\/\/www.adoptibet.org\/wp\/wp-json\/wp\/v2\/types\/page"}],"author":[{"embeddable":true,"href":"https:\/\/www.adoptibet.org\/wp\/wp-json\/wp\/v2\/users\/2"}],"replies":[{"embeddable":true,"href":"https:\/\/www.adoptibet.org\/wp\/wp-json\/wp\/v2\/comments?post=1169"}],"version-history":[{"count":1,"href":"https:\/\/www.adoptibet.org\/wp\/wp-json\/wp\/v2\/pages\/1169\/revisions"}],"predecessor-version":[{"id":1170,"href":"https:\/\/www.adoptibet.org\/wp\/wp-json\/wp\/v2\/pages\/1169\/revisions\/1170"}],"wp:attachment":[{"href":"https:\/\/www.adoptibet.org\/wp\/wp-json\/wp\/v2\/media?parent=1169"}],"curies":[{"name":"wp","href":"https:\/\/api.w.org\/{rel}","templated":true}]}}